{"id":103,"date":"2015-03-11T15:23:35","date_gmt":"2015-03-11T13:23:35","guid":{"rendered":"http:\/\/www.koivusilta.fi\/?page_id=103"},"modified":"2015-04-05T09:18:21","modified_gmt":"2015-04-05T07:18:21","slug":"polttopuut","status":"publish","type":"page","link":"https:\/\/www.koivusilta.fi\/?page_id=103","title":{"rendered":"Polttopuut"},"content":{"rendered":"<p>Valmistamme tilallamme Kiskon Kurkelassa polttopuita.<br \/>\nPyrimme pit\u00e4m\u00e4\u00e4n ymp\u00e4rivuotisessa valikoimassamme ainakin kuivaa koivuklapia 1,5m\u00b3 suurs\u00e4keiss\u00e4 ja sekaklapia 1 m\u00b3 s\u00e4keiss\u00e4. Polttopuumme ovat todellista l\u00e4hienergiaa sill\u00e4 raaka-aine on itse kaadettua tilamme metsist\u00e4. Polttopuut kuljetamme kotiovellenne asti joko traktorilla tai pakettiautolla ja per\u00e4k\u00e4rryll\u00e4.\u00a0 Traktorin per\u00e4k\u00e4rryyn mahtuu kerralla 10m\u00b3 ja pakettiautoon sek\u00e4 per\u00e4k\u00e4rryyn yhteens\u00e4 7m\u00b3<\/p>\n<p>Perttu Teuri, p. 044-5439322<\/p>\n","protected":false},"excerpt":{"rendered":"<p>Valmistamme tilallamme Kiskon Kurkelassa polttopuita. Pyrimme pit\u00e4m\u00e4\u00e4n ymp\u00e4rivuotisessa valikoimassamme ainakin kuivaa koivuklapia 1,5m\u00b3 suurs\u00e4keiss\u00e4 ja sekaklapia 1 m\u00b3 s\u00e4keiss\u00e4. Polttopuumme ovat todellista l\u00e4hienergiaa sill\u00e4 raaka-aine on itse kaadettua tilamme metsist\u00e4. Polttopuut kuljetamme kotiovellenne asti joko traktorilla tai pakettiautolla ja per\u00e4k\u00e4rryll\u00e4.\u00a0 Traktorin per\u00e4k\u00e4rryyn mahtuu kerralla 10m\u00b3 ja pakettiautoon sek\u00e4 per\u00e4k\u00e4rryyn yhteens\u00e4 7m\u00b3 Perttu Teuri, p. 044-5439322<\/p>\n","protected":false},"author":1,"featured_media":0,"parent":17,"menu_order":3,"comment_status":"closed","ping_status":"open","template":"","meta":{"footnotes":""},"class_list":["post-103","page","type-page","status-publish","hentry"],"_links":{"self":[{"href":"https:\/\/www.koivusilta.fi\/index.php?rest_route=\/wp\/v2\/pages\/103","targetHints":{"allow":["GET"]}}],"collection":[{"href":"https:\/\/www.koivusilta.fi\/index.php?rest_route=\/wp\/v2\/pages"}],"about":[{"href":"https:\/\/www.koivusilta.fi\/index.php?rest_route=\/wp\/v2\/types\/page"}],"author":[{"embeddable":true,"href":"https:\/\/www.koivusilta.fi\/index.php?rest_route=\/wp\/v2\/users\/1"}],"replies":[{"embeddable":true,"href":"https:\/\/www.koivusilta.fi\/index.php?rest_route=%2Fwp%2Fv2%2Fcomments&post=103"}],"version-history":[{"count":3,"href":"https:\/\/www.koivusilta.fi\/index.php?rest_route=\/wp\/v2\/pages\/103\/revisions"}],"predecessor-version":[{"id":251,"href":"https:\/\/www.koivusilta.fi\/index.php?rest_route=\/wp\/v2\/pages\/103\/revisions\/251"}],"up":[{"embeddable":true,"href":"https:\/\/www.koivusilta.fi\/index.php?rest_route=\/wp\/v2\/pages\/17"}],"wp:attachment":[{"href":"https:\/\/www.koivusilta.fi\/index.php?rest_route=%2Fwp%2Fv2%2Fmedia&parent=103"}],"curies":[{"name":"wp","href":"https:\/\/api.w.org\/{rel}","templated":true}]}}