{"id":145,"date":"2015-03-15T14:00:46","date_gmt":"2015-03-15T12:00:46","guid":{"rendered":"http:\/\/www.koivusilta.fi\/?page_id=145"},"modified":"2016-02-07T16:50:04","modified_gmt":"2016-02-07T14:50:04","slug":"yhteystiedot","status":"publish","type":"page","link":"https:\/\/www.koivusilta.fi\/?page_id=145","title":{"rendered":"YHTEYSTIEDOT"},"content":{"rendered":"<p><span style=\"text-decoration: underline;\"><span style=\"color: #000000; text-decoration: underline;\">Matkailuun ja majoitukseen liittyv\u00e4t asiat:<\/span><\/span><\/p>\n<p>Iiro Teuri. p. 0440 828682<\/p>\n<p>iiro.teuri(at)koivusilta.fi<\/p>\n<p><span style=\"text-decoration: underline;\">Viherrakennukseen liittyv\u00e4t ty\u00f6t:<\/span><\/p>\n<p>Perttu Teuri, p. 044 5439322<\/p>\n<p>perttu.teuri(at)gmail.com<\/p>\n<p>&nbsp;<\/p>\n<p>&nbsp;<\/p>\n","protected":false},"excerpt":{"rendered":"<p>Matkailuun ja majoitukseen liittyv\u00e4t asiat: Iiro Teuri. p. 0440 828682 iiro.teuri(at)koivusilta.fi Viherrakennukseen liittyv\u00e4t ty\u00f6t: Perttu Teuri, p. 044 5439322 perttu.teuri(at)gmail.com &nbsp; &nbsp;<\/p>\n","protected":false},"author":1,"featured_media":0,"parent":0,"menu_order":6,"comment_status":"closed","ping_status":"open","template":"","meta":{"footnotes":""},"class_list":["post-145","page","type-page","status-publish","hentry"],"_links":{"self":[{"href":"https:\/\/www.koivusilta.fi\/index.php?rest_route=\/wp\/v2\/pages\/145","targetHints":{"allow":["GET"]}}],"collection":[{"href":"https:\/\/www.koivusilta.fi\/index.php?rest_route=\/wp\/v2\/pages"}],"about":[{"href":"https:\/\/www.koivusilta.fi\/index.php?rest_route=\/wp\/v2\/types\/page"}],"author":[{"embeddable":true,"href":"https:\/\/www.koivusilta.fi\/index.php?rest_route=\/wp\/v2\/users\/1"}],"replies":[{"embeddable":true,"href":"https:\/\/www.koivusilta.fi\/index.php?rest_route=%2Fwp%2Fv2%2Fcomments&post=145"}],"version-history":[{"count":3,"href":"https:\/\/www.koivusilta.fi\/index.php?rest_route=\/wp\/v2\/pages\/145\/revisions"}],"predecessor-version":[{"id":491,"href":"https:\/\/www.koivusilta.fi\/index.php?rest_route=\/wp\/v2\/pages\/145\/revisions\/491"}],"wp:attachment":[{"href":"https:\/\/www.koivusilta.fi\/index.php?rest_route=%2Fwp%2Fv2%2Fmedia&parent=145"}],"curies":[{"name":"wp","href":"https:\/\/api.w.org\/{rel}","templated":true}]}}