{"id":270,"date":"2015-04-05T11:19:45","date_gmt":"2015-04-05T09:19:45","guid":{"rendered":"http:\/\/www.koivusilta.fi\/?page_id=270"},"modified":"2016-01-01T13:08:20","modified_gmt":"2016-01-01T11:08:20","slug":"enajarvi","status":"publish","type":"page","link":"https:\/\/www.koivusilta.fi\/?page_id=270","title":{"rendered":"En\u00e4j\u00e4rvi"},"content":{"rendered":"<p>En\u00e4j\u00e4rvest\u00e4 saa parhaimman kuvauksen tutustumalla j\u00e4rven suojeluyhdistyksen kotisivuille<a href=\"http:\/\/www.enajarvi.fi\/toiminta\/el%C3%A4v%C3%A4-en%C3%A4j%C3%A4rvi.html\"> www.enajarvi.fi<\/a><\/p>\n<p>&nbsp;<\/p>\n<p>&nbsp;<\/p>\n<p><a href=\"http:\/\/kansalaisen.karttapaikka.fi\/asetukset\/asetukset.html?map.x=414&amp;map.y=454&amp;e=317951&amp;n=6692068&amp;scale=80000&amp;tool=siirra&amp;styles=normal&amp;lang=fi&amp;showSRS=EPSG%3A3067&amp;width=1000&amp;height=1000&amp;feature=ktjraja&amp;tool=siirra&amp;lang=fi\">Kartta En\u00e4j\u00e4rvest\u00e4<\/a><\/p>\n","protected":false},"excerpt":{"rendered":"<p>En\u00e4j\u00e4rvest\u00e4 saa parhaimman kuvauksen tutustumalla j\u00e4rven suojeluyhdistyksen kotisivuille www.enajarvi.fi &nbsp; &nbsp; Kartta En\u00e4j\u00e4rvest\u00e4<\/p>\n","protected":false},"author":1,"featured_media":0,"parent":67,"menu_order":6,"comment_status":"closed","ping_status":"open","template":"","meta":{"footnotes":""},"class_list":["post-270","page","type-page","status-publish","hentry"],"_links":{"self":[{"href":"https:\/\/www.koivusilta.fi\/index.php?rest_route=\/wp\/v2\/pages\/270","targetHints":{"allow":["GET"]}}],"collection":[{"href":"https:\/\/www.koivusilta.fi\/index.php?rest_route=\/wp\/v2\/pages"}],"about":[{"href":"https:\/\/www.koivusilta.fi\/index.php?rest_route=\/wp\/v2\/types\/page"}],"author":[{"embeddable":true,"href":"https:\/\/www.koivusilta.fi\/index.php?rest_route=\/wp\/v2\/users\/1"}],"replies":[{"embeddable":true,"href":"https:\/\/www.koivusilta.fi\/index.php?rest_route=%2Fwp%2Fv2%2Fcomments&post=270"}],"version-history":[{"count":9,"href":"https:\/\/www.koivusilta.fi\/index.php?rest_route=\/wp\/v2\/pages\/270\/revisions"}],"predecessor-version":[{"id":474,"href":"https:\/\/www.koivusilta.fi\/index.php?rest_route=\/wp\/v2\/pages\/270\/revisions\/474"}],"up":[{"embeddable":true,"href":"https:\/\/www.koivusilta.fi\/index.php?rest_route=\/wp\/v2\/pages\/67"}],"wp:attachment":[{"href":"https:\/\/www.koivusilta.fi\/index.php?rest_route=%2Fwp%2Fv2%2Fmedia&parent=270"}],"curies":[{"name":"wp","href":"https:\/\/api.w.org\/{rel}","templated":true}]}}