{"id":521,"date":"2016-02-07T18:07:11","date_gmt":"2016-02-07T16:07:11","guid":{"rendered":"http:\/\/www.koivusilta.fi\/?page_id=521"},"modified":"2017-06-24T20:03:59","modified_gmt":"2017-06-24T18:03:59","slug":"koivusilta-farm","status":"publish","type":"page","link":"https:\/\/www.koivusilta.fi\/?page_id=521","title":{"rendered":"Koivusilta Farm"},"content":{"rendered":"<p>The Koivusilta organic farm lies in Kisko, in the southern part of Southwestern Finland. Farming and forestry keep the family busy. Additional income is gotten from tourism and building renovation. The renewed buildings of Louhela farm offer lodgings for ten persons all year round.<\/p>\n<p>The 70 km canoe route of Kisko River goes right past the Louhela farm. The lean-to built on the riverbank offers shelter for the holiday-makers and canoeists. Louhela is perfect for fishing and canoeing. The neighboring horse stables are only a kilometer away and offer an opportunity for riding.<\/p>\n<p>Read more about the lodging and the renovation of the old buildings in Louhela. We will be glad to answer any questions you may have. Welcome to Louhela!<\/p>\n<p>&nbsp;<\/p>\n<h4 style=\"text-align: center;\"><strong>\u00a0Nature tourism more popular \u2013 are you interested in Kisko River scenery?<\/strong><\/h4>\n<figure id=\"attachment_640\" aria-describedby=\"caption-attachment-640\" style=\"width: 604px\" class=\"wp-caption aligncenter\"><a href=\"http:\/\/www.koivusilta.fi\/wp-content\/uploads\/2017\/05\/anerio_edited-1.jpg\"><img loading=\"lazy\" decoding=\"async\" class=\"wp-image-640 size-large\" src=\"http:\/\/www.koivusilta.fi\/wp-content\/uploads\/2017\/05\/anerio_edited-1-1024x653.jpg\" alt=\"\" width=\"604\" height=\"385\" srcset=\"https:\/\/www.koivusilta.fi\/wp-content\/uploads\/2017\/05\/anerio_edited-1-1024x653.jpg 1024w, https:\/\/www.koivusilta.fi\/wp-content\/uploads\/2017\/05\/anerio_edited-1-300x191.jpg 300w, https:\/\/www.koivusilta.fi\/wp-content\/uploads\/2017\/05\/anerio_edited-1-768x490.jpg 768w\" sizes=\"auto, (max-width: 604px) 100vw, 604px\" \/><\/a><figcaption id=\"caption-attachment-640\" class=\"wp-caption-text\">The northern shore of Lake Anerioj\u00e4rvi is known for Stone Age artifact findings<\/figcaption><\/figure>\n<p><strong>Foreign tourists turn their heads as we drive from Kurkela in Kisko toward Suomusj\u00e4rvi. The wonderful scenery on the right shows the winding Anerio River. We discuss the history of the region: the river is a remnant of an earlier sea bay, which reached all the way to the northern end of Lake Anerio. Archeological research and findings testify that people were living here already thousands of years ago. We are right in the heart of Suomusj\u00e4rvi Culture!<br \/>\n<\/strong><\/p>\n<p>The van turns to the right, to Kekkosentie. A new story, that of the road, begins: people traveled to church and vicarage, town hall and school, dairy and community center, weddings and funerals, war and dances (quote from the book <em>Kekkosentie<\/em>). The road was named after President Urho Kekkonen, who spent his summers in Iso-Ruona on the right side of the road.<\/p>\n<p>This time, our destination is Sipil\u00e4 Shore in the northern end of Lake En\u00e4j\u00e4rvi. The trailer with canoes sways behind us as we drive past the beautiful village center. We descend the hill past Lake Suomusj\u00e4rvi on the left. Finally, our eyes feast on Lake En\u00e4j\u00e4rvi&#8217;s placid scenery.<\/p>\n<p>&#8221;Amazing!&#8230;Beautiful..\u201d the visitors turn to look before they reach the shore. Stop! Jusala Farm has its Highland cattle in pasture, and phone cameras snap pictures that are promptly posted on Facebook before we embark on the canoes.<\/p>\n<figure id=\"attachment_643\" aria-describedby=\"caption-attachment-643\" style=\"width: 604px\" class=\"wp-caption alignright\"><a href=\"http:\/\/www.koivusilta.fi\/wp-content\/uploads\/2017\/05\/jusala2.jpg\"><img loading=\"lazy\" decoding=\"async\" class=\"wp-image-643 size-large\" src=\"http:\/\/www.koivusilta.fi\/wp-content\/uploads\/2017\/05\/jusala2-1024x824.jpg\" alt=\"\" width=\"604\" height=\"486\" srcset=\"https:\/\/www.koivusilta.fi\/wp-content\/uploads\/2017\/05\/jusala2-1024x824.jpg 1024w, https:\/\/www.koivusilta.fi\/wp-content\/uploads\/2017\/05\/jusala2-300x241.jpg 300w, https:\/\/www.koivusilta.fi\/wp-content\/uploads\/2017\/05\/jusala2-768x618.jpg 768w\" sizes=\"auto, (max-width: 604px) 100vw, 604px\" \/><\/a><figcaption id=\"caption-attachment-643\" class=\"wp-caption-text\">Highland cattle on Jusala Farm look stern and forbidding<\/figcaption><\/figure>\n<p>&nbsp;<\/p>\n<p>&nbsp;<\/p>\n<p>&nbsp;<\/p>\n<p>&nbsp;<\/p>\n<p>&nbsp;<\/p>\n<p>&nbsp;<\/p>\n<p>&nbsp;<\/p>\n<p>&nbsp;<\/p>\n<p>&nbsp;<\/p>\n<p>&nbsp;<\/p>\n<p>&nbsp;<\/p>\n<h4><strong>I still remember in 1976\u2026<\/strong><\/h4>\n<p>I still remember like it was yesterday, when my cousin and I put our canoe in Lake Kirkkoj\u00e4rvi in Kisko in 1976. It was the end of May and school was out for the summer. For some reason, we decided to start paddling upstream, toward the beginning of Kisko River. At first, everything went well and we had strength enough to reach the historic K\u00e4rkel\u00e4 Ironworks. We swam in the crystal clear water of K\u00e4rkel\u00e4 and enjoyed the warm sun. We were welcome in the village, where we had often spent days digging in the rock piles. The beautiful old buildings on the clear water of the rapids were always impressive, though we had no clue of the particulars of village history. We lowered the canoe in the water near the bridge upstream from the power plant. Soon we reached Lake Sikaj\u00e4rvi. This was still familiar scenery, since we had often come this far despite our parents&#8217; warnings.<\/p>\n<p>&nbsp;<\/p>\n<figure id=\"attachment_644\" aria-describedby=\"caption-attachment-644\" style=\"width: 604px\" class=\"wp-caption aligncenter\"><a href=\"http:\/\/www.koivusilta.fi\/wp-content\/uploads\/2017\/05\/k\u00e4rkel\u00e4n-m\u00e4nty-2.jpg\"><img loading=\"lazy\" decoding=\"async\" class=\"wp-image-644 size-large\" src=\"http:\/\/www.koivusilta.fi\/wp-content\/uploads\/2017\/05\/k\u00e4rkel\u00e4n-m\u00e4nty-2-685x1024.jpg\" alt=\"\" width=\"604\" height=\"903\" srcset=\"https:\/\/www.koivusilta.fi\/wp-content\/uploads\/2017\/05\/k\u00e4rkel\u00e4n-m\u00e4nty-2-685x1024.jpg 685w, https:\/\/www.koivusilta.fi\/wp-content\/uploads\/2017\/05\/k\u00e4rkel\u00e4n-m\u00e4nty-2-201x300.jpg 201w, https:\/\/www.koivusilta.fi\/wp-content\/uploads\/2017\/05\/k\u00e4rkel\u00e4n-m\u00e4nty-2-768x1147.jpg 768w\" sizes=\"auto, (max-width: 604px) 100vw, 604px\" \/><\/a><figcaption id=\"caption-attachment-644\" class=\"wp-caption-text\">An old oak overlooks the rapids and could tell many a tale.<\/figcaption><\/figure>\n<p>&nbsp;<\/p>\n<p>We paddled sideways into the stream of the rapid that starts in Lake Nummij\u00e4rvi. The stream grabbed our canoe and suddenly we were far from the shore.<\/p>\n<p>We continued our adventure upstream, and reached the charming Lake Nummij\u00e4rvi. We pitched out tent in Raatosaari, a rocky island in the lake.<\/p>\n<p>The following morning our voyage continued in the rapid north of Lake Nummij\u00e4rvi. Those days, Torppi Village had a small general store called Tukkinen. How wonderful it would be to have such stores along the canoe route these days! Powered by the food bought in the store, we in turn pulled, paddled and carried the canoe upstream. Finally, we reached Lake En\u00e4j\u00e4rvi, 58 meters above sea level. What a rewarding feeling!<\/p>\n<p>Following the right-hand shore and circling round Kontinpohja, we arrived in the early evening hours in Salmi Straight, and a breathtaking view of the open lake. We had reached our destination. We chose a small rocky island to stay overnight and felt truly elated in the superb Finnish summer night!<\/p>\n<p>&nbsp;<\/p>\n<p>&nbsp;<\/p>\n<p>&nbsp;<\/p>\n<h4><strong>If I could have an island \u2013 however small!<\/strong><\/h4>\n<p><strong>\u00a0<\/strong><\/p>\n<p>Decades after our adventure, I was browsing some newspapers when a sales ad caught my attention: &#8221;Idyllic Island in Lake En\u00e4j\u00e4rvi&#8221;. I got up, strapped my kayak on the roof of the car and paid a visit to the island. I found an island bogged with shrubbery, and a modest cabin with no modern amenities. However, there was a sauna, an outhouse, clean water and the intriguing embrace of Lake En\u00e4j\u00e4rvi. \u00a0I am a fool for nature, so my decision was easy to make, as long as the price was right\u2026<\/p>\n<p>We bought the island in the fall of 2013. It opened up a new and interesting world of nature in the labyrinths of Lake En\u00e4j\u00e4rvi. I was eager to study the lake and its history. In the recent years, I have learnt to know many interesting local people.<\/p>\n<p>&nbsp;<\/p>\n<p>&nbsp;<\/p>\n<figure id=\"attachment_642\" aria-describedby=\"caption-attachment-642\" style=\"width: 604px\" class=\"wp-caption aligncenter\"><a href=\"http:\/\/www.koivusilta.fi\/wp-content\/uploads\/2017\/05\/IMG_7138.jpg\"><img loading=\"lazy\" decoding=\"async\" class=\"wp-image-642 size-large\" src=\"http:\/\/www.koivusilta.fi\/wp-content\/uploads\/2017\/05\/IMG_7138-1024x582.jpg\" alt=\"\" width=\"604\" height=\"343\" srcset=\"https:\/\/www.koivusilta.fi\/wp-content\/uploads\/2017\/05\/IMG_7138-1024x582.jpg 1024w, https:\/\/www.koivusilta.fi\/wp-content\/uploads\/2017\/05\/IMG_7138-300x171.jpg 300w, https:\/\/www.koivusilta.fi\/wp-content\/uploads\/2017\/05\/IMG_7138-768x437.jpg 768w\" sizes=\"auto, (max-width: 604px) 100vw, 604px\" \/><\/a><figcaption id=\"caption-attachment-642\" class=\"wp-caption-text\">The small &#8221;idyllic&#8221; island is now called the Secret Island.<\/figcaption><\/figure>\n<p>&nbsp;<\/p>\n<h4><strong>Stories in support of nature travel<\/strong><\/h4>\n<p>&nbsp;<\/p>\n<p>&nbsp;<\/p>\n<figure id=\"attachment_645\" aria-describedby=\"caption-attachment-645\" style=\"width: 604px\" class=\"wp-caption alignright\"><a href=\"http:\/\/www.koivusilta.fi\/wp-content\/uploads\/2017\/05\/rolf.jpg\"><img loading=\"lazy\" decoding=\"async\" class=\"wp-image-645 size-large\" src=\"http:\/\/www.koivusilta.fi\/wp-content\/uploads\/2017\/05\/rolf-1024x497.jpg\" alt=\"\" width=\"604\" height=\"293\" srcset=\"https:\/\/www.koivusilta.fi\/wp-content\/uploads\/2017\/05\/rolf-1024x497.jpg 1024w, https:\/\/www.koivusilta.fi\/wp-content\/uploads\/2017\/05\/rolf-300x146.jpg 300w, https:\/\/www.koivusilta.fi\/wp-content\/uploads\/2017\/05\/rolf-768x373.jpg 768w\" sizes=\"auto, (max-width: 604px) 100vw, 604px\" \/><\/a><figcaption id=\"caption-attachment-645\" class=\"wp-caption-text\">Lake En\u00e4j\u00e4rvi has its own real story, as Rolf Oinonen knows.<\/figcaption><\/figure>\n<p>&nbsp;<\/p>\n<p>&nbsp;<\/p>\n<p>&nbsp;<\/p>\n<p>&nbsp;<\/p>\n<p>&nbsp;<\/p>\n<p>&nbsp;<\/p>\n<p>&nbsp;<\/p>\n<p>&nbsp;<\/p>\n<p>In Finland, tourism focuses geographically on the North and the Lake Area. Only in the past few decades have we understood that rural areas could benefit from increasing tourism, also in these parts. Holidaymakers are now seeking a new direction: they seek silence, and clean and safe environments. They seek stories and history, but also good service. People want to learn something new on their holidays.<\/p>\n<p>A decade ago I had no idea how much my work and life would change based a certain decisions. We decided to buy and renovate a farm along Kurkela River in Kurkela Village in Kisko. Alongside the farm work, we started to renovate buildings for agricultural tourism. We also had to study tourism as industry, as well as marketing and sales. In addition to farming, we now were facing interesting new challenges.<\/p>\n<p>Our region has many attractive features: interesting history, unblemished nature and clean water. Our society is well organized and safe. In honor of Finland&#8217;s Centennial, I could list 100 reasons to travel and spend your holidays in Finland.<\/p>\n<p>&nbsp;<\/p>\n<p>&nbsp;<\/p>\n<figure id=\"attachment_641\" aria-describedby=\"caption-attachment-641\" style=\"width: 225px\" class=\"wp-caption aligncenter\"><a href=\"http:\/\/www.koivusilta.fi\/wp-content\/uploads\/2017\/05\/iiro.jpg\"><img loading=\"lazy\" decoding=\"async\" class=\"wp-image-641 size-medium\" src=\"http:\/\/www.koivusilta.fi\/wp-content\/uploads\/2017\/05\/iiro-225x300.jpg\" alt=\"\" width=\"225\" height=\"300\" srcset=\"https:\/\/www.koivusilta.fi\/wp-content\/uploads\/2017\/05\/iiro-225x300.jpg 225w, https:\/\/www.koivusilta.fi\/wp-content\/uploads\/2017\/05\/iiro-768x1024.jpg 768w\" sizes=\"auto, (max-width: 225px) 100vw, 225px\" \/><\/a><figcaption id=\"caption-attachment-641\" class=\"wp-caption-text\">The writer is Iiro Teuri, farmer with tourism business in Kisko.<\/figcaption><\/figure>\n<p>&nbsp;<\/p>\n<p>&nbsp;<\/p>\n<p>&nbsp;<\/p>\n<p>&nbsp;<\/p>\n<p>&nbsp;<\/p>\n<p>&nbsp;<\/p>\n","protected":false},"excerpt":{"rendered":"<p>The Koivusilta organic farm lies in Kisko, in the southern part of Southwestern Finland. Farming and forestry keep the family busy. Additional income is gotten from tourism and building renovation. The renewed buildings of Louhela farm offer lodgings for ten persons all year round. The 70 km canoe route of Kisko River goes right past &hellip; <a href=\"https:\/\/www.koivusilta.fi\/?page_id=521\" class=\"more-link\">Jatka lukemista <span class=\"screen-reader-text\">Koivusilta Farm<\/span> <span class=\"meta-nav\">&rarr;<\/span><\/a><\/p>\n","protected":false},"author":1,"featured_media":0,"parent":0,"menu_order":0,"comment_status":"closed","ping_status":"open","template":"","meta":{"footnotes":""},"class_list":["post-521","page","type-page","status-publish","hentry"],"_links":{"self":[{"href":"https:\/\/www.koivusilta.fi\/index.php?rest_route=\/wp\/v2\/pages\/521","targetHints":{"allow":["GET"]}}],"collection":[{"href":"https:\/\/www.koivusilta.fi\/index.php?rest_route=\/wp\/v2\/pages"}],"about":[{"href":"https:\/\/www.koivusilta.fi\/index.php?rest_route=\/wp\/v2\/types\/page"}],"author":[{"embeddable":true,"href":"https:\/\/www.koivusilta.fi\/index.php?rest_route=\/wp\/v2\/users\/1"}],"replies":[{"embeddable":true,"href":"https:\/\/www.koivusilta.fi\/index.php?rest_route=%2Fwp%2Fv2%2Fcomments&post=521"}],"version-history":[{"count":5,"href":"https:\/\/www.koivusilta.fi\/index.php?rest_route=\/wp\/v2\/pages\/521\/revisions"}],"predecessor-version":[{"id":663,"href":"https:\/\/www.koivusilta.fi\/index.php?rest_route=\/wp\/v2\/pages\/521\/revisions\/663"}],"wp:attachment":[{"href":"https:\/\/www.koivusilta.fi\/index.php?rest_route=%2Fwp%2Fv2%2Fmedia&parent=521"}],"curies":[{"name":"wp","href":"https:\/\/api.w.org\/{rel}","templated":true}]}}