{"id":634,"date":"2017-05-31T13:58:46","date_gmt":"2017-05-31T11:58:46","guid":{"rendered":"http:\/\/www.koivusilta.fi\/?page_id=634"},"modified":"2017-05-31T15:27:46","modified_gmt":"2017-05-31T13:27:46","slug":"ajankohtaista-2","status":"publish","type":"page","link":"https:\/\/www.koivusilta.fi\/?page_id=634","title":{"rendered":"AJANKOHTAISTA"},"content":{"rendered":"<h4 style=\"text-align: center;\"><strong>\u00a0Luontomatkailu nosteessa \u2014 kiinnostaako Kiskonjoen vesist\u00f6?<\/strong><\/h4>\n<figure id=\"attachment_640\" aria-describedby=\"caption-attachment-640\" style=\"width: 2738px\" class=\"wp-caption aligncenter\"><a href=\"http:\/\/www.koivusilta.fi\/wp-content\/uploads\/2017\/05\/anerio_edited-1.jpg\"><img loading=\"lazy\" decoding=\"async\" class=\"wp-image-640 size-full\" src=\"http:\/\/www.koivusilta.fi\/wp-content\/uploads\/2017\/05\/anerio_edited-1.jpg\" alt=\"\" width=\"2738\" height=\"1747\" srcset=\"https:\/\/www.koivusilta.fi\/wp-content\/uploads\/2017\/05\/anerio_edited-1.jpg 2738w, https:\/\/www.koivusilta.fi\/wp-content\/uploads\/2017\/05\/anerio_edited-1-300x191.jpg 300w, https:\/\/www.koivusilta.fi\/wp-content\/uploads\/2017\/05\/anerio_edited-1-768x490.jpg 768w, https:\/\/www.koivusilta.fi\/wp-content\/uploads\/2017\/05\/anerio_edited-1-1024x653.jpg 1024w\" sizes=\"auto, (max-width: 2738px) 100vw, 2738px\" \/><\/a><figcaption id=\"caption-attachment-640\" class=\"wp-caption-text\">Anerioj\u00e4rven pohjoisranta on kuuluisa kivikautisista esinel\u00f6yd\u00f6ksist\u00e4\u00e4n<\/figcaption><\/figure>\n<h3><strong>\u00a0<\/strong><\/h3>\n<h3 style=\"text-align: center;\"><strong>Ulkomaalaisturistien p\u00e4\u00e4t k\u00e4\u00e4ntyilev\u00e4t, kun kuljemme autolla Kiskon Kurkelasta Suomusj\u00e4rvelle p\u00e4in. Maisemat avautuvat kauniina etuoikealle, miss\u00e4 luikertelee Anerionjoki. K\u00e4ymme l\u00e4pi alueen historiaa: joki on j\u00e4\u00e4nn\u00f6s menneest\u00e4 merenlahdesta, joka ulottui Anerioj\u00e4rven pohjosp\u00e4\u00e4h\u00e4n asti. Tutkimukset ja kaivaukset monine l\u00f6yd\u00f6ksineen todistavat n\u00e4ill\u00e4 seuduilla olleen asutusta jo tuhansia vuosia sitten. Ajelemme siis Suomusj\u00e4rven kulttuurin kehdossa! \u00a0<\/strong><\/h3>\n<p><strong>\u00a0<\/strong><\/p>\n<p style=\"text-align: center;\">Pakettiauton keula k\u00e4\u00e4ntyy oikealle, Kaarlen kohdalta Kekkosentielle. Alkaa uusi tarina tiest\u00e4, jota on kuljettu kirkkoon ja pappilaan, kunnantalolle ja kouluun, meijeriin ja seurojentalolle, h\u00e4ihin ja hautajaisiin, sotaan ja tansseihin (lainaus kirjasta Kekkosentie). Tie on saanut nimens\u00e4 itsens\u00e4 presidentti \u00a0Urho Kekkosen mukaan, joka vietti kes\u00e4isin aikaa tien \u00a0oikealla puolella pilkottavan Iso-Ruonan maisemissa.<\/p>\n<p style=\"text-align: center;\">Nyt on matkamme osoitteena Sipil\u00e4n ranta En\u00e4j\u00e4rven pohjoisp\u00e4\u00e4ss\u00e4. Kanoottitraileri huojuen ja t\u00e4yteen lastattuna kaarramme ohi kauniin kirkonkyl\u00e4n. Laskeudumme m\u00e4ke\u00e4 alas ohittaen vasemmalle j\u00e4\u00e4v\u00e4n Suomusj\u00e4rven. Vihdoin avautuvat kauniit n\u00e4kym\u00e4t En\u00e4j\u00e4rven isolle sel\u00e4lle. \u201d Amazing!&#8230;Beautiful..\u201d vieraiden p\u00e4\u00e4t k\u00e4\u00e4ntyv\u00e4t ennen rantaa. On pys\u00e4hdytt\u00e4v\u00e4! \u00a0Jusalan yl\u00e4maankarja ikuistuu viel\u00e4 melontaryhm\u00e4n k\u00e4nnykk\u00e4kameroihin ja Facebook-sivuille ennenkuin kanootit saadaan laskettua vesille.<\/p>\n<figure id=\"attachment_643\" aria-describedby=\"caption-attachment-643\" style=\"width: 3360px\" class=\"wp-caption alignright\"><a href=\"http:\/\/www.koivusilta.fi\/wp-content\/uploads\/2017\/05\/jusala2.jpg\"><img loading=\"lazy\" decoding=\"async\" class=\"wp-image-643 size-full\" src=\"http:\/\/www.koivusilta.fi\/wp-content\/uploads\/2017\/05\/jusala2.jpg\" alt=\"\" width=\"3360\" height=\"2703\" srcset=\"https:\/\/www.koivusilta.fi\/wp-content\/uploads\/2017\/05\/jusala2.jpg 3360w, https:\/\/www.koivusilta.fi\/wp-content\/uploads\/2017\/05\/jusala2-300x241.jpg 300w, https:\/\/www.koivusilta.fi\/wp-content\/uploads\/2017\/05\/jusala2-768x618.jpg 768w, https:\/\/www.koivusilta.fi\/wp-content\/uploads\/2017\/05\/jusala2-1024x824.jpg 1024w\" sizes=\"auto, (max-width: 3360px) 100vw, 3360px\" \/><\/a><figcaption id=\"caption-attachment-643\" class=\"wp-caption-text\">Jusalan tilan yl\u00e4maankarja her\u00e4tt\u00e4\u00e4 kunnioitusta olemassaolollaan<\/figcaption><\/figure>\n<p>&nbsp;<\/p>\n<p>&nbsp;<\/p>\n<p>&nbsp;<\/p>\n<p>&nbsp;<\/p>\n<p>&nbsp;<\/p>\n<h3 style=\"text-align: center;\"><strong>Muistan viel\u00e4 vuonna 76\u2026<\/strong><\/h3>\n<p style=\"text-align: center;\">Muistan yh\u00e4 el\u00e4v\u00e4sti, kun vuonna 1976 l\u00e4hdin serkkuni kanssa laskemaan kanoottia Kiskon Kirkkoj\u00e4rvelle. Elettiin toukokuun loppua ja kes\u00e4loma oli aluillaan. Kuinka ollakaan, p\u00e4\u00e4timmekin l\u00e4hte\u00e4 melomaan vastavirtaan, kohti Kiskonjoen alkul\u00e4hteit\u00e4. Alkumatka sujui leppoisasti ja nuorten miesten voimat riittiv\u00e4t K\u00e4rkel\u00e4n ruukkikyl\u00e4\u00e4n asti. Uimme K\u00e4rkel\u00e4n kristallinkirkkaassa vedess\u00e4 ja nautimme helteisest\u00e4 p\u00e4iv\u00e4st\u00e4. Olimme tervetulleita poikia kyl\u00e4ss\u00e4, jossa olimme retkeilleet ja tonkineet lapsina p\u00e4iv\u00e4tolkulla suuria lakikivikasoja. Kauniit vanhat rakennukset kirkasvetisen kosken rannalla tekiv\u00e4t aina vaan suuren vaikutuksen, vaikka emme silloin tienneet sen enemp\u00e4\u00e4 kyl\u00e4n erikoisista vaiheista ja historiasta. Laskimme kanootin taas veteen voimalaitoksen yl\u00e4puolelle sahansillalla. Melanvedot kuljettivat kanoottia pian Sikaj\u00e4rvelle. Sekin oli tuttua seutua, sill\u00e4 olimme kulkeneet siell\u00e4 useitakin kertoja vanhempiemme kielloista huolimatta.<\/p>\n<p>&nbsp;<\/p>\n<p>&nbsp;<\/p>\n<figure id=\"attachment_644\" aria-describedby=\"caption-attachment-644\" style=\"width: 604px\" class=\"wp-caption aligncenter\"><a href=\"http:\/\/www.koivusilta.fi\/wp-content\/uploads\/2017\/05\/k\u00e4rkel\u00e4n-m\u00e4nty-2.jpg\"><img loading=\"lazy\" decoding=\"async\" class=\"wp-image-644 size-large\" src=\"http:\/\/www.koivusilta.fi\/wp-content\/uploads\/2017\/05\/k\u00e4rkel\u00e4n-m\u00e4nty-2-685x1024.jpg\" alt=\"\" width=\"604\" height=\"903\" srcset=\"https:\/\/www.koivusilta.fi\/wp-content\/uploads\/2017\/05\/k\u00e4rkel\u00e4n-m\u00e4nty-2-685x1024.jpg 685w, https:\/\/www.koivusilta.fi\/wp-content\/uploads\/2017\/05\/k\u00e4rkel\u00e4n-m\u00e4nty-2-201x300.jpg 201w, https:\/\/www.koivusilta.fi\/wp-content\/uploads\/2017\/05\/k\u00e4rkel\u00e4n-m\u00e4nty-2-768x1147.jpg 768w\" sizes=\"auto, (max-width: 604px) 100vw, 604px\" \/><\/a><figcaption id=\"caption-attachment-644\" class=\"wp-caption-text\">Vanha m\u00e4nty K\u00e4rkel\u00e4n kosken kupeessa voisi kertoa sekin monta tarinaa<\/figcaption><\/figure>\n<p>&nbsp;<\/p>\n<p>Meloimme poikittain Nummij\u00e4rvest\u00e4 laskevan kosken virtaan. Se kahmaisi kanootin otteisiinsa ja yht\u00b4\u00e4kki\u00e4 olimme taas kaukana rannasta.<\/p>\n<p>Seikkailunhaluisina raivasimme tiemme vastavirtaan, jonka j\u00e4lkeen avautui kaunis\u00a0 Nummij\u00e4rvi. Sen j\u00e4rven syleilyss\u00e4 oli kallioinen Raatosaari, jonka laelle pystytimme teltan.<\/p>\n<p>Seuraavana aamuna taival jatkui Nummij\u00e4rven pohjoispuolelle laskevaan koskeen. Siihen aikaan t\u00e4ss\u00e4 Torpin kyl\u00e4ss\u00e4 oli pieni Tukkisen kyl\u00e4kauppa. Kunpa t\u00e4llaisia palveluja l\u00f6ytyisi viel\u00e4kin melontareitin varrelta! Tukkisen ev\u00e4iden voimalla vedimme kanoottia yl\u00e4virtaan, v\u00e4lill\u00e4 meloen, v\u00e4lill\u00e4 taas rannalta kantaen. Vihdoin ja viimein olimme 58 metrin korkeudella merenpinnasta. Olimme En\u00e4j\u00e4rvell\u00e4!<\/p>\n<p>Oikeaa rantaa seuraten, Kontinpohjat kiert\u00e4en, illansuussa saavuimme Salmen kapeikkoon, josta avautui n\u00e4kym\u00e4 isolle sel\u00e4lle. Olimme saavuttaneet retkemme p\u00e4\u00e4m\u00e4\u00e4r\u00e4n. Valitsimme y\u00f6pymispaikaksi pienen kallioisen saaren ja tunnelma kaveruksilla suomalaisessa kes\u00e4y\u00f6ss\u00e4 oli vertaansa vailla!<\/p>\n<p>&nbsp;<\/p>\n<p>&nbsp;<\/p>\n<p>&nbsp;<\/p>\n<h3><strong>Jos saaren min\u00e4 saisin\u2026vaikka pienenkin!<\/strong><\/h3>\n<p><strong>\u00a0<\/strong><\/p>\n<figure id=\"attachment_642\" aria-describedby=\"caption-attachment-642\" style=\"width: 604px\" class=\"wp-caption alignnone\"><a href=\"http:\/\/www.koivusilta.fi\/wp-content\/uploads\/2017\/05\/IMG_7138.jpg\"><img loading=\"lazy\" decoding=\"async\" class=\"wp-image-642 size-large\" src=\"http:\/\/www.koivusilta.fi\/wp-content\/uploads\/2017\/05\/IMG_7138-1024x582.jpg\" alt=\"\" width=\"604\" height=\"343\" srcset=\"https:\/\/www.koivusilta.fi\/wp-content\/uploads\/2017\/05\/IMG_7138-1024x582.jpg 1024w, https:\/\/www.koivusilta.fi\/wp-content\/uploads\/2017\/05\/IMG_7138-300x171.jpg 300w, https:\/\/www.koivusilta.fi\/wp-content\/uploads\/2017\/05\/IMG_7138-768x437.jpg 768w\" sizes=\"auto, (max-width: 604px) 100vw, 604px\" \/><\/a><figcaption id=\"caption-attachment-642\" class=\"wp-caption-text\">Pient\u00e4 \u201didyllist\u00e4\u201d saarta kutsutaan nykyisin salaiseksi saareksi<\/figcaption><\/figure>\n<p>Er\u00e4\u00e4n\u00e4 p\u00e4iv\u00e4n\u00e4, vuosikymmeni\u00e4 my\u00f6hemmin, lehti\u00e4 selaessani huomasin\u00a0 myynti-ilmoituksen: \u201d Idyllinen pieni saari En\u00e4j\u00e4rvell\u00e4\u201d. Siit\u00e4 paikasta koppasin kajakkini auton katolle ja tein retken t\u00e4h\u00e4n kohteeseen. L\u00f6ysin pusikoituneen saaren, vaatimattoman m\u00f6kin ilman mukavuuksia. Oli kuitenkin sauna, ulkohuussi, puhdasta vett\u00e4 ja laaja En\u00e4j\u00e4rvi! \u00a0Luontoa rakastavan \u00e4ij\u00e4n oli helppo tehd\u00e4 p\u00e4\u00e4t\u00f6s, kunhan hinnoista sovittaisiin&#8230;<\/p>\n<p>Saari ostettiin syksyll\u00e4 2013. Sen my\u00f6t\u00e4 avautui uusi mielenkiintoinen luontomaailma sokkeloisella En\u00e4j\u00e4rvell\u00e4. Nyt her\u00e4si suuri kiinnostus j\u00e4rveen ja sen historiaan. Viime vuosina olen my\u00f6s saanut tutustua \u00a0moniin mielenkiintoisiin paikallisiin j\u00e4rven ihmisiin.<\/p>\n<p>&nbsp;<\/p>\n<p>&nbsp;<\/p>\n<h4 style=\"text-align: center;\"><strong>Tarinat luontomatkailun tukena<\/strong><\/h4>\n<p>&nbsp;<\/p>\n<figure id=\"attachment_645\" aria-describedby=\"caption-attachment-645\" style=\"width: 604px\" class=\"wp-caption alignright\"><a href=\"http:\/\/www.koivusilta.fi\/wp-content\/uploads\/2017\/05\/rolf.jpg\"><img loading=\"lazy\" decoding=\"async\" class=\"wp-image-645 size-large\" src=\"http:\/\/www.koivusilta.fi\/wp-content\/uploads\/2017\/05\/rolf-1024x497.jpg\" alt=\"\" width=\"604\" height=\"293\" srcset=\"https:\/\/www.koivusilta.fi\/wp-content\/uploads\/2017\/05\/rolf-1024x497.jpg 1024w, https:\/\/www.koivusilta.fi\/wp-content\/uploads\/2017\/05\/rolf-300x146.jpg 300w, https:\/\/www.koivusilta.fi\/wp-content\/uploads\/2017\/05\/rolf-768x373.jpg 768w\" sizes=\"auto, (max-width: 604px) 100vw, 604px\" \/><\/a><figcaption id=\"caption-attachment-645\" class=\"wp-caption-text\">En\u00e4j\u00e4rvell\u00e4 on my\u00f6s oma todellinen tarinansa, jonka Rolf Oinonen tuntee<\/figcaption><\/figure>\n<p>&nbsp;<\/p>\n<p>&nbsp;<\/p>\n<p>Suomi on maa, miss\u00e4 matkailu on keskittynyt maantieteellisesti pohjoiseen ja J\u00e4rvi-Suomen alueelle. Vasta viime vuosikymmenen\u00e4 on ymm\u00e4rretty, ett\u00e4 maaseudun elinvoimaisuutta voitaisiin t\u00e4ll\u00e4kin seudulla tukea kasvavalla matkailualalla. Aktiivinen lomanviettotapa on muuttumassa passiivisempaan suuntaan: haetaan hiljaisuutta, puhtautta ja turvallisuutta. Haetaan tarinoita ja historiaa mutta my\u00f6s toimivaa palvelua. Lomamatkalla halutaan my\u00f6s oppia jotain uutta.<\/p>\n<p>Viel\u00e4 vuosikymmen sitten, en arvannutkaan, miten paljon el\u00e4m\u00e4nty\u00f6 voi muuttua tietyill\u00e4 p\u00e4\u00e4t\u00f6ksill\u00e4. P\u00e4\u00e4timme ostaa ja kunnostaa pienen tilan Kurkelanjoen varrelta Kiskon Kurkelan kyl\u00e4ss\u00e4. Maatilan t\u00f6iden ohessa alettiin remontoida rakennuksia maatilamatkailun tarpeisiin. Sen ohessa oli opiskeltava matkailuun liittyvi\u00e4 asioita sek\u00e4 markkinointia ja myynti\u00e4. Maataloust\u00f6iden rinnalle oli tullut uusia mielenkiintoisia haasteita.<\/p>\n<p>Alueellamme on runsaasti vetovoimatekij\u00f6it\u00e4: mielenkiintoista historiaa puhdasta kaunista luontoa ja vett\u00e4. Yhteiskuntamme on hyvin j\u00e4rjest\u00e4ytynyt ja turvallinen. Voisin Suomen juhlavuoden kunniaksi kertoa 100 asiaa siit\u00e4, miksi kannattaa matkailla ja viett\u00e4\u00e4 lomaa Suomessa.<\/p>\n<p>&nbsp;<\/p>\n<figure id=\"attachment_641\" aria-describedby=\"caption-attachment-641\" style=\"width: 225px\" class=\"wp-caption aligncenter\"><a href=\"http:\/\/www.koivusilta.fi\/wp-content\/uploads\/2017\/05\/iiro.jpg\"><img loading=\"lazy\" decoding=\"async\" class=\"wp-image-641 size-medium\" src=\"http:\/\/www.koivusilta.fi\/wp-content\/uploads\/2017\/05\/iiro-225x300.jpg\" alt=\"\" width=\"225\" height=\"300\" srcset=\"https:\/\/www.koivusilta.fi\/wp-content\/uploads\/2017\/05\/iiro-225x300.jpg 225w, https:\/\/www.koivusilta.fi\/wp-content\/uploads\/2017\/05\/iiro-768x1024.jpg 768w\" sizes=\"auto, (max-width: 225px) 100vw, 225px\" \/><\/a><figcaption id=\"caption-attachment-641\" class=\"wp-caption-text\">Kirjoittaja on Iiro Teuri, maatila-ja matkailuyritt\u00e4j\u00e4 Kiskosta<\/figcaption><\/figure>\n<p>&nbsp;<\/p>\n<p>&nbsp;<\/p>\n","protected":false},"excerpt":{"rendered":"<p>\u00a0Luontomatkailu nosteessa \u2014 kiinnostaako Kiskonjoen vesist\u00f6? \u00a0 Ulkomaalaisturistien p\u00e4\u00e4t k\u00e4\u00e4ntyilev\u00e4t, kun kuljemme autolla Kiskon Kurkelasta Suomusj\u00e4rvelle p\u00e4in. Maisemat avautuvat kauniina etuoikealle, miss\u00e4 luikertelee Anerionjoki. K\u00e4ymme l\u00e4pi alueen historiaa: joki on j\u00e4\u00e4nn\u00f6s menneest\u00e4 merenlahdesta, joka ulottui Anerioj\u00e4rven pohjosp\u00e4\u00e4h\u00e4n asti. Tutkimukset ja kaivaukset monine l\u00f6yd\u00f6ksineen todistavat n\u00e4ill\u00e4 seuduilla olleen asutusta jo tuhansia vuosia sitten. Ajelemme siis Suomusj\u00e4rven &hellip; <a href=\"https:\/\/www.koivusilta.fi\/?page_id=634\" class=\"more-link\">Jatka lukemista <span class=\"screen-reader-text\">AJANKOHTAISTA<\/span> <span class=\"meta-nav\">&rarr;<\/span><\/a><\/p>\n","protected":false},"author":1,"featured_media":0,"parent":0,"menu_order":7,"comment_status":"closed","ping_status":"closed","template":"","meta":{"footnotes":""},"class_list":["post-634","page","type-page","status-publish","hentry"],"_links":{"self":[{"href":"https:\/\/www.koivusilta.fi\/index.php?rest_route=\/wp\/v2\/pages\/634","targetHints":{"allow":["GET"]}}],"collection":[{"href":"https:\/\/www.koivusilta.fi\/index.php?rest_route=\/wp\/v2\/pages"}],"about":[{"href":"https:\/\/www.koivusilta.fi\/index.php?rest_route=\/wp\/v2\/types\/page"}],"author":[{"embeddable":true,"href":"https:\/\/www.koivusilta.fi\/index.php?rest_route=\/wp\/v2\/users\/1"}],"replies":[{"embeddable":true,"href":"https:\/\/www.koivusilta.fi\/index.php?rest_route=%2Fwp%2Fv2%2Fcomments&post=634"}],"version-history":[{"count":10,"href":"https:\/\/www.koivusilta.fi\/index.php?rest_route=\/wp\/v2\/pages\/634\/revisions"}],"predecessor-version":[{"id":636,"href":"https:\/\/www.koivusilta.fi\/index.php?rest_route=\/wp\/v2\/pages\/634\/revisions\/636"}],"wp:attachment":[{"href":"https:\/\/www.koivusilta.fi\/index.php?rest_route=%2Fwp%2Fv2%2Fmedia&parent=634"}],"curies":[{"name":"wp","href":"https:\/\/api.w.org\/{rel}","templated":true}]}}