{"id":668,"date":"2017-08-11T10:15:00","date_gmt":"2017-08-11T08:15:00","guid":{"rendered":"http:\/\/www.koivusilta.fi\/?page_id=668"},"modified":"2021-04-25T10:19:37","modified_gmt":"2021-04-25T08:19:37","slug":"reittiehdotuksia","status":"publish","type":"page","link":"https:\/\/www.koivusilta.fi\/?page_id=668","title":{"rendered":"Reittiehdotuksia"},"content":{"rendered":"<p>&nbsp;<\/p>\n<p>&nbsp;<\/p>\n<p>&nbsp;<\/p>\n<h3><strong>K\u00e4rkel\u00e4-Louhelan laavu <\/strong><\/h3>\n<p>-n.8 km<\/p>\n<p>-3-5 tuntia<\/p>\n<figure id=\"attachment_669\" aria-describedby=\"caption-attachment-669\" style=\"width: 604px\" class=\"wp-caption aligncenter\"><a href=\"http:\/\/www.koivusilta.fi\/wp-content\/uploads\/2017\/08\/Valokuva-12.jpg\"><img loading=\"lazy\" decoding=\"async\" class=\"size-large wp-image-669\" src=\"http:\/\/www.koivusilta.fi\/wp-content\/uploads\/2017\/08\/Valokuva-12-1024x651.jpg\" alt=\"\" width=\"604\" height=\"384\" srcset=\"https:\/\/www.koivusilta.fi\/wp-content\/uploads\/2017\/08\/Valokuva-12-1024x651.jpg 1024w, https:\/\/www.koivusilta.fi\/wp-content\/uploads\/2017\/08\/Valokuva-12-300x191.jpg 300w, https:\/\/www.koivusilta.fi\/wp-content\/uploads\/2017\/08\/Valokuva-12-768x488.jpg 768w, https:\/\/www.koivusilta.fi\/wp-content\/uploads\/2017\/08\/Valokuva-12.jpg 1296w\" sizes=\"auto, (max-width: 604px) 100vw, 604px\" \/><\/a><figcaption id=\"caption-attachment-669\" class=\"wp-caption-text\">K\u00e4rkel\u00e4n ruukkikyl\u00e4st\u00e4 Louhelaan 8 km<\/figcaption><\/figure>\n<p>T\u00e4m\u00e4 reitti on pituudeltaan noin 8 kilometri\u00e4. Aikaa t\u00e4h\u00e4n\u00a0 kuluu 2-5tuntia. Reitti on helppo, eik\u00e4 kanettavia osuuksia ole.<\/p>\n<p>Melonta alkaa K\u00e4rkel\u00e4n ruukkikyl\u00e4n alasillalta. Kirkasvetinen jokiosuus laskee Nummion komeitten kallioiden lomasta Kurkelanj\u00e4rveen. Kurkelanj\u00e4rvi taas laskee Kurkelanjokeen, joka kulkee mielenkiintoisen viidakkomaisen kaislikkoalueen l\u00e4pi, yhtyen Anerionjokeen. T\u00e4m\u00e4n j\u00e4lkeen joki levenee jonkin verran ja samalla my\u00f6s savisempaa vett\u00e4 sekoittuu Anerionjoesta. Kaunis Kurkelan kyl\u00e4 n\u00e4kyy ymp\u00e4rill\u00e4 ja retken p\u00e4\u00e4tepiste on Louhelan laavulla,minne voi j\u00e4tt\u00e4\u00e4 melontakaluston. Laavulla on puucee ja polttopuita nuotiontekopaikkoineen.<\/p>\n<p>Retken voi tehd\u00e4omatoimisesti, vuokraamalla kanootin, jonka p\u00e4iv\u00e4vuokra on 40 \u20ac.<\/p>\n<p>Halutessasi voitte ostaa palvelun, jossa vain j\u00e4t\u00e4tte autonne Louhelan laavurannalle. Kuljetamme kanootin ja melojat l\u00e4ht\u00f6paikalle K\u00e4rkel\u00e4\u00e4n ja melotte Louhelan laavulle. Kuljetus maksaa 50 \u20ac ja kanootin p\u00e4iv\u00e4vuokra 40\u20ac. Retki siis kahdelle kuljetuksineen maksaa 90\u20ac.<\/p>\n<p>Tiedustelut ja tarjouspyynn\u00f6t saatte numerosta 0440-828682 tai mieluummin s\u00e4hk\u00f6postilla iiro.teuri(at)koivusilta.fi<\/p>\n<p>Huomio!<\/p>\n<p>Koronan takia ei henkil\u00f6kuljetuksia tehd\u00e4. Kanootti voidaan kuitenkin vied\u00e4 valmiiksi l\u00e4ht\u00f6paikalle, K\u00e4rkel\u00e4n alasillalle.<\/p>\n<p>&nbsp;<\/p>\n<h3><strong>En\u00e4j\u00e4rvi-Louhelan laavu<\/strong><\/h3>\n<p>-reitin pituus noin 30 km<\/p>\n<p>-y\u00f6pyminen, esim. Nummij\u00e4rven Raatosaaressa<\/p>\n<p>-reitti p\u00e4\u00e4ttyy Louhelan laavulle<\/p>\n<p><a href=\"http:\/\/www.koivusilta.fi\/wp-content\/uploads\/2021\/04\/saari-raatosaari.jpg\"><img loading=\"lazy\" decoding=\"async\" class=\"alignright size-large wp-image-744\" src=\"http:\/\/www.koivusilta.fi\/wp-content\/uploads\/2021\/04\/saari-raatosaari-472x1024.jpg\" alt=\"\" width=\"472\" height=\"1024\" srcset=\"https:\/\/www.koivusilta.fi\/wp-content\/uploads\/2021\/04\/saari-raatosaari-472x1024.jpg 472w, https:\/\/www.koivusilta.fi\/wp-content\/uploads\/2021\/04\/saari-raatosaari-138x300.jpg 138w, https:\/\/www.koivusilta.fi\/wp-content\/uploads\/2021\/04\/saari-raatosaari.jpg 738w\" sizes=\"auto, (max-width: 472px) 100vw, 472px\" \/><\/a><\/p>\n<p>&nbsp;<\/p>\n<p>&nbsp;<\/p>\n<p>&nbsp;<\/p>\n<p>&nbsp;<\/p>\n<p>&nbsp;<\/p>\n<p>&nbsp;<\/p>\n<p>&nbsp;<\/p>\n<p>&nbsp;<\/p>\n<p>&nbsp;<\/p>\n<p>&nbsp;<\/p>\n<p>&nbsp;<\/p>\n<p>&nbsp;<\/p>\n<p>&nbsp;<\/p>\n<p>&nbsp;<\/p>\n<p>&nbsp;<\/p>\n<p>&nbsp;<\/p>\n<p>&nbsp;<\/p>\n<p>&nbsp;<\/p>\n<p>&nbsp;<\/p>\n<p>&nbsp;<\/p>\n<p>&nbsp;<\/p>\n<p>&nbsp;<\/p>\n<p>&nbsp;<\/p>\n<p><a href=\"http:\/\/www.koivusilta.fi\/wp-content\/uploads\/2021\/04\/raatosaari-louhela.jpg\"><img loading=\"lazy\" decoding=\"async\" class=\"alignright size-large wp-image-743\" src=\"http:\/\/www.koivusilta.fi\/wp-content\/uploads\/2021\/04\/raatosaari-louhela-472x1024.jpg\" alt=\"\" width=\"472\" height=\"1024\" srcset=\"https:\/\/www.koivusilta.fi\/wp-content\/uploads\/2021\/04\/raatosaari-louhela-472x1024.jpg 472w, https:\/\/www.koivusilta.fi\/wp-content\/uploads\/2021\/04\/raatosaari-louhela-138x300.jpg 138w, https:\/\/www.koivusilta.fi\/wp-content\/uploads\/2021\/04\/raatosaari-louhela.jpg 738w\" sizes=\"auto, (max-width: 472px) 100vw, 472px\" \/><\/a><\/p>\n<p>&nbsp;<\/p>\n<p>&nbsp;<\/p>\n<p>&nbsp;<\/p>\n<p>&nbsp;<\/p>\n<p>&nbsp;<\/p>\n<p>&nbsp;<\/p>\n<p>&nbsp;<\/p>\n<p>&nbsp;<\/p>\n<p>&nbsp;<\/p>\n<p>&nbsp;<\/p>\n<p>&nbsp;<\/p>\n<p>&nbsp;<\/p>\n<p>&nbsp;<\/p>\n<p>&nbsp;<\/p>\n<p>&nbsp;<\/p>\n<p>&nbsp;<\/p>\n<p>&nbsp;<\/p>\n<p>&nbsp;<\/p>\n<p>&nbsp;<\/p>\n<p>&nbsp;<\/p>\n<p>&nbsp;<\/p>\n<p>&nbsp;<\/p>\n<p>Retki toteutetaan niin, ett\u00e4 kanootti ym. vied\u00e4\u00e4n valmiiksi Lammaskarin venevalkamaan, mist\u00e4 retki alkaa.<\/p>\n<p>Hintaa\u00a0 t\u00e4lle retkelle tulee (1 kanootti, 2hl\u00f6)<\/p>\n<p>-kanootin kuljetus Lammaskarille 60 \u20ac<\/p>\n<p>-kanootin vuokra 2pv.\u00a0\u00a0\u00a0\u00a0\u00a0\u00a0\u00a0\u00a0\u00a0\u00a0\u00a0\u00a0\u00a0\u00a0\u00a0\u00a0\u00a0\u00a0\u00a0\u00a0\u00a0\u00a0\u00a0\u00a0 80\u20ac<\/p>\n<p>-kanoottik\u00e4rryt 2pv\u00a0\u00a0\u00a0\u00a0\u00a0\u00a0\u00a0\u00a0\u00a0\u00a0\u00a0\u00a0\u00a0\u00a0\u00a0\u00a0\u00a0\u00a0\u00a0\u00a0\u00a0\u00a0\u00a0\u00a0\u00a0\u00a0\u00a0\u00a0\u00a0 10\u20ac<\/p>\n<p>-Kanootti palautuu Louhelan laavulle<\/p>\n","protected":false},"excerpt":{"rendered":"<p>&nbsp; &nbsp; &nbsp; K\u00e4rkel\u00e4-Louhelan laavu -n.8 km -3-5 tuntia T\u00e4m\u00e4 reitti on pituudeltaan noin 8 kilometri\u00e4. Aikaa t\u00e4h\u00e4n\u00a0 kuluu 2-5tuntia. Reitti on helppo, eik\u00e4 kanettavia osuuksia ole. Melonta alkaa K\u00e4rkel\u00e4n ruukkikyl\u00e4n alasillalta. Kirkasvetinen jokiosuus laskee Nummion komeitten kallioiden lomasta Kurkelanj\u00e4rveen. Kurkelanj\u00e4rvi taas laskee Kurkelanjokeen, joka kulkee mielenkiintoisen viidakkomaisen kaislikkoalueen l\u00e4pi, yhtyen Anerionjokeen. T\u00e4m\u00e4n j\u00e4lkeen joki &hellip; <a href=\"https:\/\/www.koivusilta.fi\/?page_id=668\" class=\"more-link\">Jatka lukemista <span class=\"screen-reader-text\">Reittiehdotuksia<\/span> <span class=\"meta-nav\">&rarr;<\/span><\/a><\/p>\n","protected":false},"author":1,"featured_media":0,"parent":338,"menu_order":1,"comment_status":"closed","ping_status":"closed","template":"","meta":{"footnotes":""},"class_list":["post-668","page","type-page","status-publish","hentry"],"_links":{"self":[{"href":"https:\/\/www.koivusilta.fi\/index.php?rest_route=\/wp\/v2\/pages\/668","targetHints":{"allow":["GET"]}}],"collection":[{"href":"https:\/\/www.koivusilta.fi\/index.php?rest_route=\/wp\/v2\/pages"}],"about":[{"href":"https:\/\/www.koivusilta.fi\/index.php?rest_route=\/wp\/v2\/types\/page"}],"author":[{"embeddable":true,"href":"https:\/\/www.koivusilta.fi\/index.php?rest_route=\/wp\/v2\/users\/1"}],"replies":[{"embeddable":true,"href":"https:\/\/www.koivusilta.fi\/index.php?rest_route=%2Fwp%2Fv2%2Fcomments&post=668"}],"version-history":[{"count":14,"href":"https:\/\/www.koivusilta.fi\/index.php?rest_route=\/wp\/v2\/pages\/668\/revisions"}],"predecessor-version":[{"id":764,"href":"https:\/\/www.koivusilta.fi\/index.php?rest_route=\/wp\/v2\/pages\/668\/revisions\/764"}],"up":[{"embeddable":true,"href":"https:\/\/www.koivusilta.fi\/index.php?rest_route=\/wp\/v2\/pages\/338"}],"wp:attachment":[{"href":"https:\/\/www.koivusilta.fi\/index.php?rest_route=%2Fwp%2Fv2%2Fmedia&parent=668"}],"curies":[{"name":"wp","href":"https:\/\/api.w.org\/{rel}","templated":true}]}}