{"id":97,"date":"2015-03-11T15:18:44","date_gmt":"2015-03-11T13:18:44","guid":{"rendered":"http:\/\/www.koivusilta.fi\/?page_id=97"},"modified":"2015-04-05T09:17:30","modified_gmt":"2015-04-05T07:17:30","slug":"palvelut","status":"publish","type":"page","link":"https:\/\/www.koivusilta.fi\/?page_id=97","title":{"rendered":"Palvelut"},"content":{"rendered":"<p style=\"padding-left: 60px;\">Viherrakennusty\u00f6t:<\/p>\n<ul>\n<li>kylv\u00f6- ja siirtonurmikot<\/li>\n<li>betonikiveykset<\/li>\n<li>luonnonkiveykset<\/li>\n<li>istutukset<\/li>\n<li>muurit<\/li>\n<li>portaat<\/li>\n<li>pengerm\u00e4t<\/li>\n<li>kaivuuty\u00f6t<\/li>\n<li>pienet rakennusty\u00f6t, terassit ym.<\/li>\n<\/ul>\n<p style=\"padding-left: 60px;\">Viheraluiden hoito<\/p>\n<ul>\n<li>puiden ja pensaiden leikkuu<\/li>\n<li>pensasaitojen leikkuu<\/li>\n<li>puiden kaadot<\/li>\n<li>raivaukset ja muut mets\u00e4ty\u00f6t<\/li>\n<li>kuljetamme my\u00f6s leikkuuj\u00e4tteet sek\u00e4 puut tarvittaessa pois.<\/li>\n<\/ul>\n<p style=\"padding-left: 60px;\">\u00a0Polttopuiden myynti<\/p>\n<ul>\n<li>\u00a0Pyrimme tarjoamaan kuivaa koivu- ja sekaklapia ymp\u00e4rivuotisesti.<\/li>\n<\/ul>\n","protected":false},"excerpt":{"rendered":"<p>Viherrakennusty\u00f6t: kylv\u00f6- ja siirtonurmikot betonikiveykset luonnonkiveykset istutukset muurit portaat pengerm\u00e4t kaivuuty\u00f6t pienet rakennusty\u00f6t, terassit ym. Viheraluiden hoito puiden ja pensaiden leikkuu pensasaitojen leikkuu puiden kaadot raivaukset ja muut mets\u00e4ty\u00f6t kuljetamme my\u00f6s leikkuuj\u00e4tteet sek\u00e4 puut tarvittaessa pois. \u00a0Polttopuiden myynti \u00a0Pyrimme tarjoamaan kuivaa koivu- ja sekaklapia ymp\u00e4rivuotisesti.<\/p>\n","protected":false},"author":1,"featured_media":0,"parent":17,"menu_order":1,"comment_status":"closed","ping_status":"open","template":"","meta":{"footnotes":""},"class_list":["post-97","page","type-page","status-publish","hentry"],"_links":{"self":[{"href":"https:\/\/www.koivusilta.fi\/index.php?rest_route=\/wp\/v2\/pages\/97","targetHints":{"allow":["GET"]}}],"collection":[{"href":"https:\/\/www.koivusilta.fi\/index.php?rest_route=\/wp\/v2\/pages"}],"about":[{"href":"https:\/\/www.koivusilta.fi\/index.php?rest_route=\/wp\/v2\/types\/page"}],"author":[{"embeddable":true,"href":"https:\/\/www.koivusilta.fi\/index.php?rest_route=\/wp\/v2\/users\/1"}],"replies":[{"embeddable":true,"href":"https:\/\/www.koivusilta.fi\/index.php?rest_route=%2Fwp%2Fv2%2Fcomments&post=97"}],"version-history":[{"count":1,"href":"https:\/\/www.koivusilta.fi\/index.php?rest_route=\/wp\/v2\/pages\/97\/revisions"}],"predecessor-version":[{"id":99,"href":"https:\/\/www.koivusilta.fi\/index.php?rest_route=\/wp\/v2\/pages\/97\/revisions\/99"}],"up":[{"embeddable":true,"href":"https:\/\/www.koivusilta.fi\/index.php?rest_route=\/wp\/v2\/pages\/17"}],"wp:attachment":[{"href":"https:\/\/www.koivusilta.fi\/index.php?rest_route=%2Fwp%2Fv2%2Fmedia&parent=97"}],"curies":[{"name":"wp","href":"https:\/\/api.w.org\/{rel}","templated":true}]}}